{"id":16,"date":"2026-03-31T14:11:50","date_gmt":"2026-03-31T12:11:50","guid":{"rendered":"http:\/\/museedb.cluster129.hosting.ovh.net\/andrea\/?page_id=16"},"modified":"2026-03-31T14:11:50","modified_gmt":"2026-03-31T12:11:50","slug":"stages","status":"publish","type":"page","link":"http:\/\/museedb.cluster129.hosting.ovh.net\/andrea\/stages\/","title":{"rendered":"Stages"},"content":{"rendered":"\n<div class=\"wp-block-group alignfull is-style-section-2 has-global-padding is-layout-constrained wp-block-group-is-layout-constrained is-style-section-2--1\" style=\"margin-top:0;margin-bottom:0;padding-top:var(--wp--preset--spacing--60);padding-bottom:var(--wp--preset--spacing--60)\">\n<div class=\"wp-block-columns alignwide is-layout-flex wp-container-core-columns-is-layout-643ced6b wp-block-columns-is-layout-flex\">\n<div class=\"wp-block-column is-layout-flow wp-block-column-is-layout-flow\" style=\"flex-basis:40%\">\n<figure class=\"wp-block-image size-large\"><img decoding=\"async\" src=\"http:\/\/museedb.cluster129.hosting.ovh.net\/andrea\/wp-content\/themes\/twentytwentyfive\/assets\/images\/hero-podcast.webp\" alt=\"Image d\u2019une personne\"\/><\/figure>\n<\/div>\n\n\n\n<div class=\"wp-block-column is-vertically-aligned-center is-layout-flow wp-container-core-column-is-layout-119bc444 wp-block-column-is-layout-flow\" style=\"flex-basis:60%\">\n<h2 class=\"wp-block-heading has-xx-large-font-size\">Le podcast \u00ab&nbsp;Histoires&nbsp;\u00bb<\/h2>\n\n\n\n<p>Narration, analyse experte et descriptions vivantes. Le podcast \u00ab&nbsp;Histoires&nbsp;\u00bb donne vie \u00e0 l\u2019histoire, la rendant accessible et captivante pour un public mondial.<\/p>\n\n\n\n<div class=\"wp-block-group is-vertical is-layout-flex wp-container-core-group-is-layout-41e20069 wp-block-group-is-layout-flex\">\n<h3 class=\"wp-block-heading has-small-font-size\" style=\"font-style:normal;font-weight:600;letter-spacing:1px;text-transform:uppercase\">Abonnez-vous sur votre plateforme pr\u00e9f\u00e9r\u00e9e<\/h3>\n\n\n\n<div class=\"wp-block-group is-layout-flex wp-block-group-is-layout-flex\">\n<p class=\"is-style-text-annotation is-style-text-annotation--2\"><a href=\"#\">YouTube<\/a><\/p>\n\n\n\n<p class=\"is-style-text-annotation is-style-text-annotation--3\"><a href=\"#\">Apple Podcasts<\/a><\/p>\n\n\n\n<p class=\"is-style-text-annotation is-style-text-annotation--4\"><a href=\"#\">Spotify<\/a><\/p>\n\n\n\n<p class=\"is-style-text-annotation is-style-text-annotation--5\"><a href=\"#\">Pocket Casts<\/a><\/p>\n\n\n\n<p class=\"is-style-text-annotation is-style-text-annotation--6\"><a href=\"#\">RSS<\/a><\/p>\n<\/div>\n<\/div>\n<\/div>\n<\/div>\n<\/div>\n\n\n\n<div class=\"wp-block-group alignfull is-style-section-5 has-global-padding is-layout-constrained wp-block-group-is-layout-constrained is-style-section-5--7\" style=\"margin-top:0;margin-bottom:0;padding-top:var(--wp--preset--spacing--50);padding-bottom:var(--wp--preset--spacing--50)\">\n<div class=\"wp-block-columns alignwide is-layout-flex wp-container-core-columns-is-layout-7ee84d44 wp-block-columns-is-layout-flex\">\n<div class=\"wp-block-column is-vertically-aligned-center is-layout-flow wp-block-column-is-layout-flow\" style=\"flex-basis:50%\">\n<h2 class=\"wp-block-heading\">\n\t\t\t\t\u00c0 propos de l\u2019\u00e9v\u00e8nement\t\t\t<\/h2>\n\n\n\n<p class=\"has-medium-font-size\">Organis\u00e9 sur un week-end, l\u2019\u00e9v\u00e9nement est structur\u00e9 autour d\u2019une s\u00e9rie d\u2019expositions, d\u2019ateliers et de tables rondes. Les expositions pr\u00e9sentent une s\u00e9lection de photographies mettant en sc\u00e8ne des histoires fascinantes de divers endroits du globe, chaque image \u00e9tant accompagn\u00e9e de r\u00e9cits d\u00e9taill\u00e9s fournissant un contexte et le d\u00e9tail de la signification historique des sc\u00e8nes repr\u00e9sent\u00e9es. Ces photographies sont tir\u00e9es des archives de photographes de renom, ainsi que de talents \u00e9mergents, assurant un m\u00e9lange de perspectives \u00e0 la fois classiques et contemporaines.<\/p>\n<\/div>\n\n\n\n<div class=\"wp-block-column is-vertically-aligned-center is-layout-flow wp-block-column-is-layout-flow\" style=\"flex-basis:50%\">\n<figure class=\"wp-block-image size-full\"><img decoding=\"async\" src=\"http:\/\/museedb.cluster129.hosting.ovh.net\/andrea\/wp-content\/themes\/twentytwentyfive\/assets\/images\/ruins-image.webp\" alt=\"Cliff Palace, Colorado\" style=\"aspect-ratio:1;object-fit:cover\"\/><\/figure>\n<\/div>\n<\/div>\n<\/div>\n\n\n\n<div class=\"wp-block-group alignfull is-style-section-1 has-global-padding is-layout-constrained wp-block-group-is-layout-constrained is-style-section-1--8\" style=\"margin-top:0;margin-bottom:0;padding-top:var(--wp--preset--spacing--80);padding-bottom:var(--wp--preset--spacing--80)\">\n<h2 class=\"wp-block-heading has-text-align-center\">Le podcast \u00ab&nbsp;Histoires&nbsp;\u00bb est spnsoris\u00e9 par<\/h2>\n\n\n\n<div style=\"height:var(--wp--preset--spacing--30)\" aria-hidden=\"true\" class=\"wp-block-spacer\"><\/div>\n\n\n\n<div class=\"wp-block-group alignwide is-content-justification-center is-layout-flex wp-container-core-group-is-layout-2c471116 wp-block-group-is-layout-flex\">\n\n\n\n\n\n\n\n<\/div>\n<\/div>\n\n\n\n<div class=\"wp-block-group alignfull has-global-padding is-layout-constrained wp-container-core-group-is-layout-ebee8dc1 wp-block-group-is-layout-constrained\" style=\"margin-top:0;margin-bottom:0;padding-top:var(--wp--preset--spacing--50);padding-bottom:var(--wp--preset--spacing--50)\">\n<div class=\"wp-block-group alignwide is-content-justification-space-between is-layout-flex wp-container-core-group-is-layout-9366075c wp-block-group-is-layout-flex\">\n<h2 class=\"wp-block-heading alignwide has-text-align-left is-style-text-subtitle has-x-large-font-size is-style-text-subtitle--9\">Explorez les \u00e9pisodes<\/h2>\n\n\n\n<p class=\"is-style-text-annotation is-style-text-annotation--10\">Podcast<\/p>\n<\/div>\n\n\n\n<div class=\"wp-block-group alignwide is-layout-grid wp-container-core-group-is-layout-1ce758a5 wp-block-group-is-layout-grid\">\n<figure class=\"wp-block-video\"><\/figure>\n\n\n\n<figure class=\"wp-block-video\"><\/figure>\n\n\n\n<figure class=\"wp-block-video\"><\/figure>\n\n\n\n<figure class=\"wp-block-video\"><\/figure>\n\n\n\n<figure class=\"wp-block-video\"><\/figure>\n\n\n\n<figure class=\"wp-block-video\"><\/figure>\n<\/div>\n<\/div>\n\n\n\n<aside class=\"wp-block-group alignfull is-style-section-3 has-global-padding is-layout-constrained wp-container-core-group-is-layout-f0f2a97b wp-block-group-is-layout-constrained is-style-section-3--11\" style=\"margin-top:0;margin-bottom:0;padding-top:var(--wp--preset--spacing--50);padding-right:var(--wp--preset--spacing--50);padding-bottom:var(--wp--preset--spacing--50);padding-left:var(--wp--preset--spacing--50)\">\n<div class=\"wp-block-group is-vertical is-content-justification-center is-layout-flex wp-container-core-group-is-layout-8778ca4a wp-block-group-is-layout-flex\" style=\"min-height:360px;margin-top:0;margin-bottom:0\">\n<h2 class=\"wp-block-heading has-text-align-center has-xx-large-font-size\">Inscrivez-vous pour recevoir des histoires quotidiennes<\/h2>\n\n\n\n<p class=\"has-text-align-center is-style-text-subtitle is-style-text-subtitle--12\">Acc\u00e9dez \u00e0 une collection soigneusement s\u00e9lectionn\u00e9e de moments dans le temps, avec des photographies d\u2019int\u00e9ret historique.<\/p>\n\n\n\n<div style=\"height:0px\" aria-hidden=\"true\" class=\"wp-block-spacer wp-container-content-62aae154\"><\/div>\n\n\n\n<div class=\"wp-block-buttons is-content-justification-center is-layout-flex wp-container-core-buttons-is-layout-a89b3969 wp-block-buttons-is-layout-flex\">\n<div class=\"wp-block-button\"><a class=\"wp-block-button__link has-text-align-center wp-element-button\">S\u2019abonner<\/a><\/div>\n<\/div>\n<\/div>\n<\/aside>\n","protected":false},"excerpt":{"rendered":"<p>Le podcast \u00ab&nbsp;Histoires&nbsp;\u00bb Narration, analyse experte et descriptions vivantes. Le podcast \u00ab&nbsp;Histoires&nbsp;\u00bb donne vie \u00e0 l\u2019histoire, la rendant accessible et captivante pour un public mondial. Abonnez-vous sur votre plateforme pr\u00e9f\u00e9r\u00e9e YouTube Apple Podcasts Spotify Pocket Casts RSS \u00c0 propos de l\u2019\u00e9v\u00e8nement Organis\u00e9 sur un week-end, l\u2019\u00e9v\u00e9nement est structur\u00e9 autour d\u2019une s\u00e9rie d\u2019expositions, d\u2019ateliers et de [&hellip;]<\/p>\n","protected":false},"author":1,"featured_media":0,"parent":0,"menu_order":0,"comment_status":"closed","ping_status":"closed","template":"","meta":{"footnotes":""},"class_list":["post-16","page","type-page","status-publish","hentry"],"_links":{"self":[{"href":"http:\/\/museedb.cluster129.hosting.ovh.net\/andrea\/wp-json\/wp\/v2\/pages\/16","targetHints":{"allow":["GET"]}}],"collection":[{"href":"http:\/\/museedb.cluster129.hosting.ovh.net\/andrea\/wp-json\/wp\/v2\/pages"}],"about":[{"href":"http:\/\/museedb.cluster129.hosting.ovh.net\/andrea\/wp-json\/wp\/v2\/types\/page"}],"author":[{"embeddable":true,"href":"http:\/\/museedb.cluster129.hosting.ovh.net\/andrea\/wp-json\/wp\/v2\/users\/1"}],"replies":[{"embeddable":true,"href":"http:\/\/museedb.cluster129.hosting.ovh.net\/andrea\/wp-json\/wp\/v2\/comments?post=16"}],"version-history":[{"count":1,"href":"http:\/\/museedb.cluster129.hosting.ovh.net\/andrea\/wp-json\/wp\/v2\/pages\/16\/revisions"}],"predecessor-version":[{"id":17,"href":"http:\/\/museedb.cluster129.hosting.ovh.net\/andrea\/wp-json\/wp\/v2\/pages\/16\/revisions\/17"}],"wp:attachment":[{"href":"http:\/\/museedb.cluster129.hosting.ovh.net\/andrea\/wp-json\/wp\/v2\/media?parent=16"}],"curies":[{"name":"wp","href":"https:\/\/api.w.org\/{rel}","templated":true}]}}