{"id":20,"date":"2026-03-24T18:14:00","date_gmt":"2026-03-24T17:14:00","guid":{"rendered":"http:\/\/museedb.cluster129.hosting.ovh.net\/mirela\/?page_id=20"},"modified":"2026-03-24T18:14:00","modified_gmt":"2026-03-24T17:14:00","slug":"anniversaire","status":"publish","type":"page","link":"http:\/\/museedb.cluster129.hosting.ovh.net\/mirela\/anniversaire\/","title":{"rendered":"anniversaire"},"content":{"rendered":"\n<div class=\"wp-block-group alignfull is-layout-flow wp-container-core-group-is-layout-f9cb6abc wp-block-group-is-layout-flow\" style=\"margin-top:0;margin-bottom:0\">\n<div class=\"wp-block-columns alignfull is-not-stacked-on-mobile is-layout-flex wp-container-core-columns-is-layout-e154fb6a wp-block-columns-is-layout-flex\" style=\"margin-top:0;margin-bottom:0;padding-top:var(--wp--preset--spacing--40);padding-right:var(--wp--preset--spacing--40);padding-bottom:var(--wp--preset--spacing--80);padding-left:var(--wp--preset--spacing--40)\">\n<div class=\"wp-block-column is-layout-flow wp-block-column-is-layout-flow\" style=\"flex-basis:66.66%\">\n<div class=\"wp-block-group is-vertical is-content-justification-stretch is-layout-flex wp-container-core-group-is-layout-7e003bba wp-block-group-is-layout-flex\">\n<h2 class=\"wp-block-heading has-xx-large-font-size\">\n\t\t\t\t\t\u00ab&nbsp;Histoires, <span lang=\"es\">historias<\/span>, <span lang=\"uk\">i\u0441\u0442\u043e\u0440\u0456\u0457<\/span>, <span lang=\"el\">i\u03c3\u03c4\u03bf\u03c1\u03af\u03b5\u03c2<\/span>&nbsp;\u00bb\t\t\t\t<\/h2>\n\n\n\n<p class=\"has-x-large-font-size\">Lundi 1er janvier<\/p>\n\n\n\n<div style=\"height:0px\" aria-hidden=\"true\" class=\"wp-block-spacer wp-container-content-36c51660\"><\/div>\n<\/div>\n<\/div>\n\n\n\n<div class=\"wp-block-column is-layout-flow wp-block-column-is-layout-flow\" style=\"flex-basis:12vw\"><\/div>\n\n\n\n<div class=\"wp-block-column is-layout-flow wp-block-column-is-layout-flow\">\n<div class=\"wp-block-group is-content-justification-right is-nowrap is-layout-flex wp-container-core-group-is-layout-17124a9a wp-block-group-is-layout-flex\">\n<p class=\"has-text-align-left\" style=\"line-height:0.6;text-transform:uppercase;writing-mode:vertical-rl\">Atelier gratuit<\/p>\n<\/div>\n<\/div>\n<\/div>\n\n\n\n<div class=\"wp-block-columns alignfull is-style-section-2 is-layout-flex wp-container-core-columns-is-layout-d9884270 wp-block-columns-is-layout-flex is-style-section-2--1\" style=\"padding-top:0;padding-bottom:0\">\n<div class=\"wp-block-column is-layout-flow wp-block-column-is-layout-flow\" style=\"flex-basis:50%\">\n<div class=\"wp-block-group is-vertical is-content-justification-stretch is-layout-flex wp-container-core-group-is-layout-098fff0a wp-block-group-is-layout-flex\" style=\"min-height:33vh;padding-top:var(--wp--preset--spacing--50);padding-right:var(--wp--preset--spacing--50);padding-bottom:var(--wp--preset--spacing--50);padding-left:var(--wp--preset--spacing--50)\">\n<p>Cet \u00e9v\u00e8nement immersif c\u00e9l\u00e8bre l\u2019exp\u00e9rience humaine universelle \u00e0 travers les prismes de l\u2019histoire et de la filiation, mettant en avant une diversit\u00e9 de photographes dont les \u0153uvres saisissent l\u2019essence de diff\u00e9rentes cultures et \u00e9poques historiques.<\/p>\n\n\n\n<div style=\"height:0px\" aria-hidden=\"true\" class=\"wp-block-spacer wp-container-content-6388d5dc\"><\/div>\n\n\n\n<h2 class=\"wp-block-heading has-xx-large-font-size\"><a href=\"#\">R\u00e9servation<\/a><\/h2>\n<\/div>\n<\/div>\n\n\n\n<div class=\"wp-block-column is-layout-flow wp-block-column-is-layout-flow\" style=\"flex-basis:50%\">\n<div class=\"wp-block-cover is-light\"><img decoding=\"async\" class=\"wp-block-cover__image-background\" alt=\"Photo en gros plan de fleurs blanches sur un arri\u00e8re-plan gris\" src=\"http:\/\/museedb.cluster129.hosting.ovh.net\/mirela\/wp-content\/themes\/twentytwentyfive\/assets\/images\/botany-flowers-closeup.webp\" data-object-fit=\"cover\"\/><span aria-hidden=\"true\" class=\"wp-block-cover__background has-background-dim-0 has-background-dim\"><\/span><div class=\"wp-block-cover__inner-container is-layout-flow wp-block-cover-is-layout-flow\">\n<div style=\"height:var(--wp--preset--spacing--20)\" aria-hidden=\"true\" class=\"wp-block-spacer\"><\/div>\n<\/div><\/div>\n<\/div>\n<\/div>\n<\/div>\n","protected":false},"excerpt":{"rendered":"<p>\u00ab&nbsp;Histoires, historias, i\u0441\u0442\u043e\u0440\u0456\u0457, i\u03c3\u03c4\u03bf\u03c1\u03af\u03b5\u03c2&nbsp;\u00bb Lundi 1er janvier Atelier gratuit Cet \u00e9v\u00e8nement immersif c\u00e9l\u00e8bre l\u2019exp\u00e9rience humaine universelle \u00e0 travers les prismes de l\u2019histoire et de la filiation, mettant en avant une diversit\u00e9 de photographes dont les \u0153uvres saisissent l\u2019essence de diff\u00e9rentes cultures et \u00e9poques historiques. R\u00e9servation<\/p>\n","protected":false},"author":1,"featured_media":0,"parent":0,"menu_order":0,"comment_status":"closed","ping_status":"closed","template":"","meta":{"footnotes":""},"class_list":["post-20","page","type-page","status-publish","hentry"],"_links":{"self":[{"href":"http:\/\/museedb.cluster129.hosting.ovh.net\/mirela\/wp-json\/wp\/v2\/pages\/20","targetHints":{"allow":["GET"]}}],"collection":[{"href":"http:\/\/museedb.cluster129.hosting.ovh.net\/mirela\/wp-json\/wp\/v2\/pages"}],"about":[{"href":"http:\/\/museedb.cluster129.hosting.ovh.net\/mirela\/wp-json\/wp\/v2\/types\/page"}],"author":[{"embeddable":true,"href":"http:\/\/museedb.cluster129.hosting.ovh.net\/mirela\/wp-json\/wp\/v2\/users\/1"}],"replies":[{"embeddable":true,"href":"http:\/\/museedb.cluster129.hosting.ovh.net\/mirela\/wp-json\/wp\/v2\/comments?post=20"}],"version-history":[{"count":1,"href":"http:\/\/museedb.cluster129.hosting.ovh.net\/mirela\/wp-json\/wp\/v2\/pages\/20\/revisions"}],"predecessor-version":[{"id":21,"href":"http:\/\/museedb.cluster129.hosting.ovh.net\/mirela\/wp-json\/wp\/v2\/pages\/20\/revisions\/21"}],"wp:attachment":[{"href":"http:\/\/museedb.cluster129.hosting.ovh.net\/mirela\/wp-json\/wp\/v2\/media?parent=20"}],"curies":[{"name":"wp","href":"https:\/\/api.w.org\/{rel}","templated":true}]}}